{"id":16,"date":"2024-07-21T13:56:00","date_gmt":"2024-07-21T13:56:00","guid":{"rendered":"https:\/\/photostudio.com.br\/novo-cooperarteesom\/?page_id=16"},"modified":"2026-04-08T16:23:03","modified_gmt":"2026-04-08T16:23:03","slug":"filie-se","status":"publish","type":"page","link":"https:\/\/cooperarteesom.com.br\/index.php\/filie-se\/","title":{"rendered":"FILIE-SE"},"content":{"rendered":"\t\t<div data-elementor-type=\"wp-page\" data-elementor-id=\"16\" class=\"elementor elementor-16\" data-elementor-post-type=\"page\">\n\t\t\t\t<div class=\"elementor-element elementor-element-7438119 e-flex e-con-boxed e-con e-parent\" data-id=\"7438119\" data-element_type=\"container\">\n\t\t\t\t\t<div class=\"e-con-inner\">\n\t\t\t\t<div class=\"elementor-element elementor-element-2da7c8e elementor-widget elementor-widget-heading\" data-id=\"2da7c8e\" data-element_type=\"widget\" data-widget_type=\"heading.default\">\n\t\t\t\t<div class=\"elementor-widget-container\">\n\t\t\t\t\t<h2 class=\"elementor-heading-title elementor-size-default\">FICHA DE ADES\u00c3O<\/h2>\t\t\t\t<\/div>\n\t\t\t\t<\/div>\n\t\t\t\t\t<\/div>\n\t\t\t\t<\/div>\n\t\t<div class=\"elementor-element elementor-element-327712d e-flex e-con-boxed e-con e-parent\" data-id=\"327712d\" data-element_type=\"container\">\n\t\t\t\t\t<div class=\"e-con-inner\">\n\t\t\t\t<div class=\"elementor-element elementor-element-668053e elementor-widget elementor-widget-text-editor\" data-id=\"668053e\" data-element_type=\"widget\" data-widget_type=\"text-editor.default\">\n\t\t\t\t<div class=\"elementor-widget-container\">\n\t\t\t\t\t\t\t\t\t<p>Para se filiar na CooperArteeSom, preencha o cadastro!<br \/>Conforme nosso Estatuto Social, N\u00c3O cobramos mensalidades de filia\u00e7\u00e3o, mas o interessado em se filiar, paga uma taxa de ADES\u00c3O de R$ 50.<br \/>E \u00e0 partir de abril de 2026, para ter seus conte\u00fados postados nos grupos de whatsapp, divulgados nas redes sociais da Cooperativa, ser\u00e1 cobrada uma taxa COLABORATIVA, no valor de R$ 120 por ano, que poder\u00e1 ser paga:<br \/>* R$ 120 parcela \u00fanica;<br \/>* R$ 60 por semestre;<br \/>* R$ 30 por trimestre.<br \/>O que equivale a apenas R$ 10 por m\u00eas.<br \/>Esta taxa colaborativa, servir\u00e1 para pagar a presta\u00e7\u00e3o de servi\u00e7o de divulga\u00e7\u00e3o e as despesas fixas como: contador, site, telefone, taxas banc\u00e1rias, impostos entre outras&#8230;<br \/>Contamos com voc\u00ea!<\/p><p>PIX BRADESCO: (11)97166.0408<\/p>\t\t\t\t\t\t\t\t<\/div>\n\t\t\t\t<\/div>\n\t\t\t\t<div class=\"elementor-element elementor-element-9a80cec elementor-button-align-stretch elementor-widget elementor-widget-form\" data-id=\"9a80cec\" data-element_type=\"widget\" data-settings=\"{&quot;button_width&quot;:&quot;30&quot;,&quot;step_next_label&quot;:&quot;Next&quot;,&quot;step_previous_label&quot;:&quot;Previous&quot;,&quot;step_type&quot;:&quot;number_text&quot;,&quot;step_icon_shape&quot;:&quot;circle&quot;}\" data-widget_type=\"form.default\">\n\t\t\t\t<div class=\"elementor-widget-container\">\n\t\t\t\t\t\t\t<form class=\"elementor-form\" method=\"post\" name=\"Formul\u00e1rio\">\n\t\t\t<input type=\"hidden\" name=\"post_id\" value=\"16\"\/>\n\t\t\t<input type=\"hidden\" name=\"form_id\" value=\"9a80cec\"\/>\n\t\t\t<input type=\"hidden\" name=\"referer_title\" value=\"FILIE-SE\" \/>\n\n\t\t\t\t\t\t\t<input type=\"hidden\" name=\"queried_id\" value=\"16\"\/>\n\t\t\t\n\t\t\t<div class=\"elementor-form-fields-wrapper elementor-labels-above\">\n\t\t\t\t\t\t\t\t<div class=\"elementor-field-type-text elementor-field-group elementor-column elementor-field-group-name elementor-col-100\">\n\t\t\t\t\t\t\t\t\t\t\t\t<label for=\"form-field-name\" class=\"elementor-field-label\">\n\t\t\t\t\t\t\t\tNOME\t\t\t\t\t\t\t<\/label>\n\t\t\t\t\t\t\t\t\t\t\t\t\t\t<input size=\"1\" type=\"text\" name=\"form_fields[name]\" id=\"form-field-name\" class=\"elementor-field elementor-size-sm  elementor-field-textual\" placeholder=\"Nome completo:\">\n\t\t\t\t\t\t\t\t\t\t\t<\/div>\n\t\t\t\t\t\t\t\t<div class=\"elementor-field-type-text elementor-field-group elementor-column elementor-field-group-field_d2ed15e elementor-col-100 elementor-field-required\">\n\t\t\t\t\t\t\t\t\t\t\t\t<label for=\"form-field-field_d2ed15e\" class=\"elementor-field-label\">\n\t\t\t\t\t\t\t\tART\u00cdSTICO\t\t\t\t\t\t\t<\/label>\n\t\t\t\t\t\t\t\t\t\t\t\t\t\t<input size=\"1\" type=\"text\" name=\"form_fields[field_d2ed15e]\" id=\"form-field-field_d2ed15e\" class=\"elementor-field elementor-size-sm  elementor-field-textual\" placeholder=\"Nome Art\u00edstico:\" required=\"required\" aria-required=\"true\">\n\t\t\t\t\t\t\t\t\t\t\t<\/div>\n\t\t\t\t\t\t\t\t<div class=\"elementor-field-type-email elementor-field-group elementor-column elementor-field-group-field_844ae4b elementor-col-100 elementor-field-required\">\n\t\t\t\t\t\t\t\t\t\t\t\t<label for=\"form-field-field_844ae4b\" class=\"elementor-field-label\">\n\t\t\t\t\t\t\t\tE-MAIL\t\t\t\t\t\t\t<\/label>\n\t\t\t\t\t\t\t\t\t\t\t\t\t\t<input size=\"1\" type=\"email\" name=\"form_fields[field_844ae4b]\" id=\"form-field-field_844ae4b\" class=\"elementor-field elementor-size-sm  elementor-field-textual\" placeholder=\"Email:\" required=\"required\" aria-required=\"true\">\n\t\t\t\t\t\t\t\t\t\t\t<\/div>\n\t\t\t\t\t\t\t\t<div class=\"elementor-field-type-tel elementor-field-group elementor-column elementor-field-group-field_26a7eb7 elementor-col-33 elementor-field-required\">\n\t\t\t\t\t\t\t\t\t\t\t\t<label for=\"form-field-field_26a7eb7\" class=\"elementor-field-label\">\n\t\t\t\t\t\t\t\tWHATSAPP\t\t\t\t\t\t\t<\/label>\n\t\t\t\t\t\t\t\t<input size=\"1\" type=\"tel\" name=\"form_fields[field_26a7eb7]\" id=\"form-field-field_26a7eb7\" class=\"elementor-field elementor-size-sm  elementor-field-textual\" placeholder=\"WhatsApp:\" required=\"required\" aria-required=\"true\" pattern=\"[0-9()#&amp;+*-=.]+\" title=\"Only numbers and phone characters (#, -, *, etc) are accepted.\">\n\n\t\t\t\t\t\t<\/div>\n\t\t\t\t\t\t\t\t<div class=\"elementor-field-type-text elementor-field-group elementor-column elementor-field-group-field_6e73f46 elementor-col-33\">\n\t\t\t\t\t\t\t\t\t\t\t\t<label for=\"form-field-field_6e73f46\" class=\"elementor-field-label\">\n\t\t\t\t\t\t\t\tRG\t\t\t\t\t\t\t<\/label>\n\t\t\t\t\t\t\t\t\t\t\t\t\t\t<input size=\"1\" type=\"text\" name=\"form_fields[field_6e73f46]\" id=\"form-field-field_6e73f46\" class=\"elementor-field elementor-size-sm  elementor-field-textual\" placeholder=\"Rg:\">\n\t\t\t\t\t\t\t\t\t\t\t<\/div>\n\t\t\t\t\t\t\t\t<div class=\"elementor-field-type-text elementor-field-group elementor-column elementor-field-group-field_a13c983 elementor-col-33\">\n\t\t\t\t\t\t\t\t\t\t\t\t<label for=\"form-field-field_a13c983\" class=\"elementor-field-label\">\n\t\t\t\t\t\t\t\tCPF\t\t\t\t\t\t\t<\/label>\n\t\t\t\t\t\t\t\t\t\t\t\t\t\t<input size=\"1\" type=\"text\" name=\"form_fields[field_a13c983]\" id=\"form-field-field_a13c983\" class=\"elementor-field elementor-size-sm  elementor-field-textual\" placeholder=\"Cpf:\">\n\t\t\t\t\t\t\t\t\t\t\t<\/div>\n\t\t\t\t\t\t\t\t<div class=\"elementor-field-type-text elementor-field-group elementor-column elementor-field-group-field_a0981ad elementor-col-100\">\n\t\t\t\t\t\t\t\t\t\t\t\t<label for=\"form-field-field_a0981ad\" class=\"elementor-field-label\">\n\t\t\t\t\t\t\t\tENDERE\u00c7O\t\t\t\t\t\t\t<\/label>\n\t\t\t\t\t\t\t\t\t\t\t\t\t\t<input size=\"1\" type=\"text\" name=\"form_fields[field_a0981ad]\" id=\"form-field-field_a0981ad\" class=\"elementor-field elementor-size-sm  elementor-field-textual\" placeholder=\"Endere\u00e7o:\">\n\t\t\t\t\t\t\t\t\t\t\t<\/div>\n\t\t\t\t\t\t\t\t<div class=\"elementor-field-type-text elementor-field-group elementor-column elementor-field-group-field_05b9300 elementor-col-25\">\n\t\t\t\t\t\t\t\t\t\t\t\t<label for=\"form-field-field_05b9300\" class=\"elementor-field-label\">\n\t\t\t\t\t\t\t\tCEP\t\t\t\t\t\t\t<\/label>\n\t\t\t\t\t\t\t\t\t\t\t\t\t\t<input size=\"1\" type=\"text\" name=\"form_fields[field_05b9300]\" id=\"form-field-field_05b9300\" class=\"elementor-field elementor-size-sm  elementor-field-textual\" placeholder=\"Cep:\">\n\t\t\t\t\t\t\t\t\t\t\t<\/div>\n\t\t\t\t\t\t\t\t<div class=\"elementor-field-type-text elementor-field-group elementor-column elementor-field-group-field_9787bc7 elementor-col-50\">\n\t\t\t\t\t\t\t\t\t\t\t\t<label for=\"form-field-field_9787bc7\" class=\"elementor-field-label\">\n\t\t\t\t\t\t\t\tCIDADE\t\t\t\t\t\t\t<\/label>\n\t\t\t\t\t\t\t\t\t\t\t\t\t\t<input size=\"1\" type=\"text\" name=\"form_fields[field_9787bc7]\" id=\"form-field-field_9787bc7\" class=\"elementor-field elementor-size-sm  elementor-field-textual\" placeholder=\"Cidade:\">\n\t\t\t\t\t\t\t\t\t\t\t<\/div>\n\t\t\t\t\t\t\t\t<div class=\"elementor-field-type-text elementor-field-group elementor-column elementor-field-group-field_0c8500b elementor-col-25\">\n\t\t\t\t\t\t\t\t\t\t\t\t<label for=\"form-field-field_0c8500b\" class=\"elementor-field-label\">\n\t\t\t\t\t\t\t\tESTADO\t\t\t\t\t\t\t<\/label>\n\t\t\t\t\t\t\t\t\t\t\t\t\t\t<input size=\"1\" type=\"text\" name=\"form_fields[field_0c8500b]\" id=\"form-field-field_0c8500b\" class=\"elementor-field elementor-size-sm  elementor-field-textual\" placeholder=\"Estado:\">\n\t\t\t\t\t\t\t\t\t\t\t<\/div>\n\t\t\t\t\t\t\t\t<div class=\"elementor-field-type-checkbox elementor-field-group elementor-column elementor-field-group-field_b796a13 elementor-col-70\">\n\t\t\t\t\t\t\t\t\t\t\t\t<label for=\"form-field-field_b796a13\" class=\"elementor-field-label\">\n\t\t\t\t\t\t\t\tCATEGORIA:\t\t\t\t\t\t\t<\/label>\n\t\t\t\t\t\t<div class=\"elementor-field-subgroup  \"><span class=\"elementor-field-option\"><input type=\"checkbox\" value=\"Cantor\" id=\"form-field-field_b796a13-0\" name=\"form_fields[field_b796a13][]\"> <label for=\"form-field-field_b796a13-0\">Cantor<\/label><\/span><span class=\"elementor-field-option\"><input type=\"checkbox\" value=\"M\u00fasico\" id=\"form-field-field_b796a13-1\" name=\"form_fields[field_b796a13][]\"> <label for=\"form-field-field_b796a13-1\">M\u00fasico<\/label><\/span><span class=\"elementor-field-option\"><input type=\"checkbox\" value=\"Arranjador\" id=\"form-field-field_b796a13-2\" name=\"form_fields[field_b796a13][]\"> <label for=\"form-field-field_b796a13-2\">Arranjador<\/label><\/span><span class=\"elementor-field-option\"><input type=\"checkbox\" value=\"Compositor\" id=\"form-field-field_b796a13-3\" name=\"form_fields[field_b796a13][]\"> <label for=\"form-field-field_b796a13-3\">Compositor<\/label><\/span><span class=\"elementor-field-option\"><input type=\"checkbox\" value=\"Dan\u00e7arino\" id=\"form-field-field_b796a13-4\" name=\"form_fields[field_b796a13][]\"> <label for=\"form-field-field_b796a13-4\">Dan\u00e7arino<\/label><\/span><span class=\"elementor-field-option\"><input type=\"checkbox\" value=\"Dj\" id=\"form-field-field_b796a13-5\" name=\"form_fields[field_b796a13][]\"> <label for=\"form-field-field_b796a13-5\">Dj<\/label><\/span><span class=\"elementor-field-option\"><input type=\"checkbox\" value=\"Ator\" id=\"form-field-field_b796a13-6\" name=\"form_fields[field_b796a13][]\"> <label for=\"form-field-field_b796a13-6\">Ator<\/label><\/span><span class=\"elementor-field-option\"><input type=\"checkbox\" value=\"Modelo\" id=\"form-field-field_b796a13-7\" name=\"form_fields[field_b796a13][]\"> <label for=\"form-field-field_b796a13-7\">Modelo<\/label><\/span><span class=\"elementor-field-option\"><input type=\"checkbox\" value=\"Parceiro\" id=\"form-field-field_b796a13-8\" name=\"form_fields[field_b796a13][]\"> <label for=\"form-field-field_b796a13-8\">Parceiro<\/label><\/span><span class=\"elementor-field-option\"><input type=\"checkbox\" value=\"Prestador de Servi\u00e7os\" id=\"form-field-field_b796a13-9\" name=\"form_fields[field_b796a13][]\"> <label for=\"form-field-field_b796a13-9\">Prestador de Servi\u00e7os<\/label><\/span><\/div>\t\t\t\t<\/div>\n\t\t\t\t\t\t\t\t<div class=\"elementor-field-type-text elementor-field-group elementor-column elementor-field-group-field_55a5cd9 elementor-col-100\">\n\t\t\t\t\t\t\t\t\t\t\t\t<label for=\"form-field-field_55a5cd9\" class=\"elementor-field-label\">\n\t\t\t\t\t\t\t\tYOUTUBE\t\t\t\t\t\t\t<\/label>\n\t\t\t\t\t\t\t\t\t\t\t\t\t\t<input size=\"1\" type=\"text\" name=\"form_fields[field_55a5cd9]\" id=\"form-field-field_55a5cd9\" class=\"elementor-field elementor-size-sm  elementor-field-textual\" placeholder=\"youtube.com\/\">\n\t\t\t\t\t\t\t\t\t\t\t<\/div>\n\t\t\t\t\t\t\t\t<div class=\"elementor-field-type-text elementor-field-group elementor-column elementor-field-group-field_ffd4791 elementor-col-100\">\n\t\t\t\t\t\t\t\t\t\t\t\t<label for=\"form-field-field_ffd4791\" class=\"elementor-field-label\">\n\t\t\t\t\t\t\t\tFACEBOOK\t\t\t\t\t\t\t<\/label>\n\t\t\t\t\t\t\t\t\t\t\t\t\t\t<input size=\"1\" type=\"text\" name=\"form_fields[field_ffd4791]\" id=\"form-field-field_ffd4791\" class=\"elementor-field elementor-size-sm  elementor-field-textual\" placeholder=\"facebook.com\/\">\n\t\t\t\t\t\t\t\t\t\t\t<\/div>\n\t\t\t\t\t\t\t\t<div class=\"elementor-field-type-text elementor-field-group elementor-column elementor-field-group-field_293b2d0 elementor-col-100\">\n\t\t\t\t\t\t\t\t\t\t\t\t<label for=\"form-field-field_293b2d0\" class=\"elementor-field-label\">\n\t\t\t\t\t\t\t\tINSTAGRAM\t\t\t\t\t\t\t<\/label>\n\t\t\t\t\t\t\t\t\t\t\t\t\t\t<input size=\"1\" type=\"text\" name=\"form_fields[field_293b2d0]\" id=\"form-field-field_293b2d0\" class=\"elementor-field elementor-size-sm  elementor-field-textual\" placeholder=\"instagram.com\/\">\n\t\t\t\t\t\t\t\t\t\t\t<\/div>\n\t\t\t\t\t\t\t\t<div class=\"elementor-field-type-textarea elementor-field-group elementor-column elementor-field-group-field_0ce57db elementor-col-100\">\n\t\t\t\t\t\t\t\t\t\t\t\t<label for=\"form-field-field_0ce57db\" class=\"elementor-field-label\">\n\t\t\t\t\t\t\t\tRELEASE\t\t\t\t\t\t\t<\/label>\n\t\t\t\t\t\t<textarea class=\"elementor-field-textual elementor-field  elementor-size-sm\" name=\"form_fields[field_0ce57db]\" id=\"form-field-field_0ce57db\" rows=\"7\" placeholder=\"Release com aproximadamente 10 linhas\"><\/textarea>\t\t\t\t<\/div>\n\t\t\t\t\t\t\t\t<div class=\"elementor-field-type-acceptance elementor-field-group elementor-column elementor-field-group-field_da40d5b elementor-col-100\">\n\t\t\t\t\t\t\t\t\t\t\t\t<label for=\"form-field-field_da40d5b\" class=\"elementor-field-label\">\n\t\t\t\t\t\t\t\tDECLARA\u00c7\u00c3O:\t\t\t\t\t\t\t<\/label>\n\t\t\t\t\t\t\t\t<div class=\"elementor-field-subgroup\">\n\t\t\t<span class=\"elementor-field-option\">\n\t\t\t\t<input type=\"checkbox\" name=\"form_fields[field_da40d5b]\" id=\"form-field-field_da40d5b\" class=\"elementor-field elementor-size-sm  elementor-acceptance-field\">\n\t\t\t\t<label for=\"form-field-field_da40d5b\">Declaro estar ciente do teor do Estatuto Social da CooperArte&Som. (Obrigat\u00f3rio)<\/label>\t\t\t<\/span>\n\t\t<\/div>\n\t\t\t\t\t\t<\/div>\n\t\t\t\t\t\t\t\t<div class=\"elementor-field-type-upload elementor-field-group elementor-column elementor-field-group-field_dd74eee elementor-col-100\">\n\t\t\t\t\t\t\t\t\t\t\t\t<label for=\"form-field-field_dd74eee\" class=\"elementor-field-label\">\n\t\t\t\t\t\t\t\tENVIAR FOTOS\t\t\t\t\t\t\t<\/label>\n\t\t\t\t\t\t\t\t<input type=\"file\" name=\"form_fields[field_dd74eee]\" id=\"form-field-field_dd74eee\" class=\"elementor-field elementor-size-sm  elementor-upload-field\">\n\n\t\t\t\t\t\t<\/div>\n\t\t\t\t\t\t\t\t<div class=\"elementor-field-group elementor-column elementor-field-type-submit elementor-col-30 e-form__buttons\">\n\t\t\t\t\t<button class=\"elementor-button elementor-size-sm\" type=\"submit\">\n\t\t\t\t\t\t<span class=\"elementor-button-content-wrapper\">\n\t\t\t\t\t\t\t\t\t\t\t\t\t\t\t\t\t\t\t\t\t\t<span class=\"elementor-button-text\">ENVIAR<\/span>\n\t\t\t\t\t\t\t\t\t\t\t\t\t<\/span>\n\t\t\t\t\t<\/button>\n\t\t\t\t<\/div>\n\t\t\t<\/div>\n\t\t<\/form>\n\t\t\t\t\t\t<\/div>\n\t\t\t\t<\/div>\n\t\t\t\t\t<\/div>\n\t\t\t\t<\/div>\n\t\t\t\t<\/div>\n\t\t","protected":false},"excerpt":{"rendered":"<p>FICHA DE ADES\u00c3O Para se filiar na CooperArteeSom, preencha o cadastro!Conforme nosso Estatuto Social, N\u00c3O cobramos mensalidades de filia\u00e7\u00e3o, mas o interessado em se filiar, paga uma taxa de ADES\u00c3O de R$ 50.E \u00e0 partir de abril de 2026, para ter seus conte\u00fados postados nos grupos de whatsapp, divulgados nas redes sociais da Cooperativa, ser\u00e1 [&hellip;]<\/p>\n","protected":false},"author":1,"featured_media":0,"parent":0,"menu_order":0,"comment_status":"closed","ping_status":"closed","template":"","meta":{"footnotes":""},"class_list":["post-16","page","type-page","status-publish","hentry"],"_links":{"self":[{"href":"https:\/\/cooperarteesom.com.br\/index.php\/wp-json\/wp\/v2\/pages\/16","targetHints":{"allow":["GET"]}}],"collection":[{"href":"https:\/\/cooperarteesom.com.br\/index.php\/wp-json\/wp\/v2\/pages"}],"about":[{"href":"https:\/\/cooperarteesom.com.br\/index.php\/wp-json\/wp\/v2\/types\/page"}],"author":[{"embeddable":true,"href":"https:\/\/cooperarteesom.com.br\/index.php\/wp-json\/wp\/v2\/users\/1"}],"replies":[{"embeddable":true,"href":"https:\/\/cooperarteesom.com.br\/index.php\/wp-json\/wp\/v2\/comments?post=16"}],"version-history":[{"count":82,"href":"https:\/\/cooperarteesom.com.br\/index.php\/wp-json\/wp\/v2\/pages\/16\/revisions"}],"predecessor-version":[{"id":2405,"href":"https:\/\/cooperarteesom.com.br\/index.php\/wp-json\/wp\/v2\/pages\/16\/revisions\/2405"}],"wp:attachment":[{"href":"https:\/\/cooperarteesom.com.br\/index.php\/wp-json\/wp\/v2\/media?parent=16"}],"curies":[{"name":"wp","href":"https:\/\/api.w.org\/{rel}","templated":true}]}}