{"id":1863,"date":"2025-05-06T01:39:16","date_gmt":"2025-05-06T01:39:16","guid":{"rendered":"https:\/\/cooperarteesom.com.br\/?page_id=1863"},"modified":"2025-05-06T01:46:18","modified_gmt":"2025-05-06T01:46:18","slug":"patrick-dimon","status":"publish","type":"page","link":"https:\/\/cooperarteesom.com.br\/index.php\/patrick-dimon\/","title":{"rendered":"PATRICK DIMON"},"content":{"rendered":"\t\t<div data-elementor-type=\"wp-page\" data-elementor-id=\"1863\" class=\"elementor elementor-1863\" data-elementor-post-type=\"page\">\n\t\t\t\t<div class=\"elementor-element elementor-element-be35f11 e-flex e-con-boxed e-con e-parent\" data-id=\"be35f11\" data-element_type=\"container\">\n\t\t\t\t\t<div class=\"e-con-inner\">\n\t\t<div class=\"elementor-element elementor-element-10acd36 e-con-full e-flex e-con e-child\" data-id=\"10acd36\" data-element_type=\"container\">\n\t\t\t\t<div class=\"elementor-element elementor-element-e002662 elementor-widget elementor-widget-image\" data-id=\"e002662\" data-element_type=\"widget\" data-widget_type=\"image.default\">\n\t\t\t\t<div class=\"elementor-widget-container\">\n\t\t\t\t\t\t\t\t\t\t\t\t\t\t\t<img fetchpriority=\"high\" decoding=\"async\" width=\"800\" height=\"800\" src=\"https:\/\/cooperarteesom.com.br\/wp-content\/uploads\/2025\/05\/PatrickDimon_1.jpg\" class=\"attachment-large size-large wp-image-1865\" alt=\"\" srcset=\"https:\/\/cooperarteesom.com.br\/wp-content\/uploads\/2025\/05\/PatrickDimon_1.jpg 1000w, https:\/\/cooperarteesom.com.br\/wp-content\/uploads\/2025\/05\/PatrickDimon_1-300x300.jpg 300w, https:\/\/cooperarteesom.com.br\/wp-content\/uploads\/2025\/05\/PatrickDimon_1-150x150.jpg 150w, https:\/\/cooperarteesom.com.br\/wp-content\/uploads\/2025\/05\/PatrickDimon_1-768x768.jpg 768w\" sizes=\"(max-width: 800px) 100vw, 800px\" \/>\t\t\t\t\t\t\t\t\t\t\t\t\t\t\t<\/div>\n\t\t\t\t<\/div>\n\t\t\t\t<\/div>\n\t\t<div class=\"elementor-element elementor-element-6f6ba78 e-con-full e-flex e-con e-child\" data-id=\"6f6ba78\" data-element_type=\"container\">\n\t\t\t\t<div class=\"elementor-element elementor-element-c81a28f elementor-widget elementor-widget-heading\" data-id=\"c81a28f\" data-element_type=\"widget\" data-widget_type=\"heading.default\">\n\t\t\t\t<div class=\"elementor-widget-container\">\n\t\t\t\t\t<h2 class=\"elementor-heading-title elementor-size-default\">PATRICK DIMON<\/h2>\t\t\t\t<\/div>\n\t\t\t\t<\/div>\n\t\t\t\t<div class=\"elementor-element elementor-element-1000ecd elementor-widget elementor-widget-heading\" data-id=\"1000ecd\" data-element_type=\"widget\" data-widget_type=\"heading.default\">\n\t\t\t\t<div class=\"elementor-widget-container\">\n\t\t\t\t\t<h5 class=\"elementor-heading-title elementor-size-default\"><a href=\"https:\/\/pt.wikipedia.org\/wiki\/Patrick_Dimon\" target=\"_blank\">https:\/\/pt.wikipedia.org\/wiki\/Patrick_Dimon<\/a><\/h5>\t\t\t\t<\/div>\n\t\t\t\t<\/div>\n\t\t\t\t<div class=\"elementor-element elementor-element-2078c08 elementor-widget elementor-widget-text-editor\" data-id=\"2078c08\" data-element_type=\"widget\" data-widget_type=\"text-editor.default\">\n\t\t\t\t<div class=\"elementor-widget-container\">\n\t\t\t\t\t\t\t\t\t<p>Cantor internacional (Grego), dedicou sua carreira ao Brasil!<\/p><p>Interpreta can\u00e7\u00f5es em 8 idiomas: grego, espanhol, portugu\u00eas, ingl\u00eas, franc\u00eas, italiano, hebraico e arm\u00eanio. A m\u00fasica mais conhecida em sua carreira \u00e9 Pigeon Without a Dove, uma adapta\u00e7\u00e3o do cl\u00e1ssico O Guarani de Carlos Gomes.<\/p><p>Essa m\u00fasica foi tema da novela Pai Her\u00f3i, da TV Globo, em 1979.<\/p><p>\u00a0<\/p>\t\t\t\t\t\t\t\t<\/div>\n\t\t\t\t<\/div>\n\t\t\t\t<\/div>\n\t\t\t\t\t<\/div>\n\t\t\t\t<\/div>\n\t\t\t\t<\/div>\n\t\t","protected":false},"excerpt":{"rendered":"<p>PATRICK DIMON https:\/\/pt.wikipedia.org\/wiki\/Patrick_Dimon Cantor internacional (Grego), dedicou sua carreira ao Brasil! Interpreta can\u00e7\u00f5es em 8 idiomas: grego, espanhol, portugu\u00eas, ingl\u00eas, franc\u00eas, italiano, hebraico e arm\u00eanio. A m\u00fasica mais conhecida em sua carreira \u00e9 Pigeon Without a Dove, uma adapta\u00e7\u00e3o do cl\u00e1ssico O Guarani de Carlos Gomes. Essa m\u00fasica foi tema da novela Pai Her\u00f3i, da [&hellip;]<\/p>\n","protected":false},"author":1,"featured_media":0,"parent":0,"menu_order":0,"comment_status":"closed","ping_status":"closed","template":"","meta":{"footnotes":""},"class_list":["post-1863","page","type-page","status-publish","hentry"],"_links":{"self":[{"href":"https:\/\/cooperarteesom.com.br\/index.php\/wp-json\/wp\/v2\/pages\/1863","targetHints":{"allow":["GET"]}}],"collection":[{"href":"https:\/\/cooperarteesom.com.br\/index.php\/wp-json\/wp\/v2\/pages"}],"about":[{"href":"https:\/\/cooperarteesom.com.br\/index.php\/wp-json\/wp\/v2\/types\/page"}],"author":[{"embeddable":true,"href":"https:\/\/cooperarteesom.com.br\/index.php\/wp-json\/wp\/v2\/users\/1"}],"replies":[{"embeddable":true,"href":"https:\/\/cooperarteesom.com.br\/index.php\/wp-json\/wp\/v2\/comments?post=1863"}],"version-history":[{"count":4,"href":"https:\/\/cooperarteesom.com.br\/index.php\/wp-json\/wp\/v2\/pages\/1863\/revisions"}],"predecessor-version":[{"id":1869,"href":"https:\/\/cooperarteesom.com.br\/index.php\/wp-json\/wp\/v2\/pages\/1863\/revisions\/1869"}],"wp:attachment":[{"href":"https:\/\/cooperarteesom.com.br\/index.php\/wp-json\/wp\/v2\/media?parent=1863"}],"curies":[{"name":"wp","href":"https:\/\/api.w.org\/{rel}","templated":true}]}}