{"id":208,"date":"2024-08-18T13:47:25","date_gmt":"2024-08-18T13:47:25","guid":{"rendered":"https:\/\/photostudio.com.br\/novo-cooperarteesom\/?page_id=208"},"modified":"2024-08-24T16:01:59","modified_gmt":"2024-08-24T16:01:59","slug":"cessy","status":"publish","type":"page","link":"https:\/\/cooperarteesom.com.br\/index.php\/cessy\/","title":{"rendered":"C\u00c9SSY"},"content":{"rendered":"\t\t<div data-elementor-type=\"wp-page\" data-elementor-id=\"208\" class=\"elementor elementor-208\" data-elementor-post-type=\"page\">\n\t\t\t\t<div class=\"elementor-element elementor-element-71c51c1 e-grid e-con-boxed e-con e-parent\" data-id=\"71c51c1\" data-element_type=\"container\">\n\t\t\t\t\t<div class=\"e-con-inner\">\n\t\t\t\t<div class=\"elementor-element elementor-element-5ea5be5 elementor-widget elementor-widget-image\" data-id=\"5ea5be5\" data-element_type=\"widget\" data-widget_type=\"image.default\">\n\t\t\t\t<div class=\"elementor-widget-container\">\n\t\t\t\t\t\t\t\t\t\t\t\t\t\t\t<img fetchpriority=\"high\" decoding=\"async\" width=\"800\" height=\"800\" src=\"https:\/\/cooperarteesom.com.br\/wp-content\/uploads\/2024\/08\/Cessy_047-1024x1024.jpg\" class=\"attachment-large size-large wp-image-210\" alt=\"\" srcset=\"https:\/\/cooperarteesom.com.br\/wp-content\/uploads\/2024\/08\/Cessy_047-1024x1024.jpg 1024w, https:\/\/cooperarteesom.com.br\/wp-content\/uploads\/2024\/08\/Cessy_047-300x300.jpg 300w, https:\/\/cooperarteesom.com.br\/wp-content\/uploads\/2024\/08\/Cessy_047-150x150.jpg 150w, https:\/\/cooperarteesom.com.br\/wp-content\/uploads\/2024\/08\/Cessy_047-768x768.jpg 768w, https:\/\/cooperarteesom.com.br\/wp-content\/uploads\/2024\/08\/Cessy_047.jpg 1080w\" sizes=\"(max-width: 800px) 100vw, 800px\" \/>\t\t\t\t\t\t\t\t\t\t\t\t\t\t\t<\/div>\n\t\t\t\t<\/div>\n\t\t<div class=\"elementor-element elementor-element-aa17bc1 e-con-full e-flex e-con e-child\" data-id=\"aa17bc1\" data-element_type=\"container\">\n\t\t<div class=\"elementor-element elementor-element-b7fe0c8 e-con-full e-flex e-con e-child\" data-id=\"b7fe0c8\" data-element_type=\"container\">\n\t\t\t\t<div class=\"elementor-element elementor-element-fd193ea elementor-widget elementor-widget-heading\" data-id=\"fd193ea\" data-element_type=\"widget\" data-widget_type=\"heading.default\">\n\t\t\t\t<div class=\"elementor-widget-container\">\n\t\t\t\t\t<h2 class=\"elementor-heading-title elementor-size-default\">C\u00c9SSY - Compositora e cantora<\/h2>\t\t\t\t<\/div>\n\t\t\t\t<\/div>\n\t\t\t\t<\/div>\n\t\t<div class=\"elementor-element elementor-element-cdb91cf e-con-full e-flex e-con e-child\" data-id=\"cdb91cf\" data-element_type=\"container\">\n\t\t\t\t<div class=\"elementor-element elementor-element-4bd9913 elementor-widget elementor-widget-text-editor\" data-id=\"4bd9913\" data-element_type=\"widget\" data-widget_type=\"text-editor.default\">\n\t\t\t\t<div class=\"elementor-widget-container\">\n\t\t\t\t\t\t\t\t\t<p>Nascida na cidade de Bauru, interior de S\u00e3o Paulo, Marilda Gifalli, nome art\u00edstico C\u00e9ssy, iniciou sua carreira participando de festivais estudantis, trabalhou na TV Bandeirantes, final da d\u00e9cada de 1960, no programa chamado Festa da Juventude. Gravou seu primeiro disco em 1990, nesta \u00e9poca participou em v\u00e1rias entrevistas de r\u00e1dios e programas de TV\u2019s, cantou em diversas casas noturnas. \u00a0\u00a0\u00a0\u00a0\u00a0\u00a0\u00a0\u00a0\u00a0\u00a0\u00a0\u00a0\u00a0\u00a0\u00a0\u00a0\u00a0\u00a0\u00a0\u00a0\u00a0\u00a0\u00a0\u00a0\u00a0\u00a0\u00a0\u00a0\u00a0\u00a0\u00a0\u00a0\u00a0\u00a0\u00a0\u00a0\u00a0\u00a0\u00a0\u00a0\u00a0\u00a0\u00a0\u00a0\u00a0\u00a0\u00a0\u00a0\u00a0\u00a0\u00a0\u00a0\u00a0\u00a0\u00a0\u00a0\u00a0\u00a0\u00a0\u00a0\u00a0\u00a0\u00a0\u00a0\u00a0\u00a0\u00a0\u00a0\u00a0\u00a0\u00a0\u00a0\u00a0\u00a0\u00a0\u00a0\u00a0\u00a0\u00a0\u00a0\u00a0\u00a0\u00a0\u00a0\u00a0\u00a0\u00a0\u00a0\u00a0\u00a0\u00a0\u00a0\u00a0\u00a0<\/p><p>\u00a0\u00a0\u00a0\u00a0\u00a0\u00a0\u00a0\u00a0\u00a0\u00a0\u00a0 Deu uma pausa em sua carreira, por achar dif\u00edcil viver da m\u00fasica em nosso pa\u00eds, mas como ama compor, resolveu retornar em meados de 2018 com o projeto <strong>\u201cCompor e Cantar\u201d<\/strong>, dispon\u00edvel em todas as plataformas digitais, no YouTube C\u00e9ssy Oficial e Redes Sociais.<\/p><p>\u00a0\u00a0\u00a0\u00a0\u00a0\u00a0\u00a0\u00a0\u00a0\u00a0\u00a0 Com nova filosofia art\u00edstica, prossegue estimulada pela paix\u00e3o que sente pela m\u00fasica, com foco em suas m\u00fasicas autorais.<\/p><p><strong>\u00a0\u00a0\u00a0\u00a0\u00a0\u00a0\u00a0\u00a0\u00a0\u00a0\u00a0 <\/strong>O CD<strong> &#8220;Compor e Cantar 1&#8221;<\/strong> traz \u00a0dez can\u00e7\u00f5es: Por Que Voc\u00ea?; Velho Caminhoneiro; Nova Esta\u00e7\u00e3o, Eu e a Nuvem; Sempre Aqui; Na Lida da Vida (gravada em 2023 por Eliane Camargo); No Colo Dela; Te Amo; Alma de Mulher e Sei o Que Ser\u00e1. Arranjo e produ\u00e7\u00e3o de Tato Andreatta e arranjo ac\u00fastico de Caio Andreatta<\/p><p>\u00a0\u00a0\u00a0\u00a0\u00a0\u00a0\u00a0\u00a0\u00a0\u00a0\u00a0 O \u00a0EP <strong>\u201cCompor e Cantar 2\u201d<\/strong>: Pequenos Detalhes; Verbo Esquecer; Gato e Rato e Se Quiser Voltar. Produ\u00e7\u00e3o Musical: Tato Andreatta.<\/p><p>\u00a0\u00a0\u00a0\u00a0\u00a0\u00a0\u00a0\u00a0\u00a0\u00a0\u00a0 O EP <strong>&#8220;Compor e Cantar 3&#8221;<\/strong>: Cidade Estelar (vencedora do segundo lugar no festival dos Clube dos Compositores do Brasil, concorrendo com mais de 3.000 compositores); Menino de Jos\u00e9; Convite; Na Janela e Boneca de Pano (gravada tamb\u00e9m na vers\u00e3o em italiano &#8220;Bambola di Pezza&#8221; com Viviane Vidmar). V\u00eddeo com a produ\u00e7\u00e3o de Serginho Massa. Produ\u00e7\u00e3o Musical: Tato Andreatta.<\/p><p>\u00a0\u00a0\u00a0\u00a0\u00a0\u00a0\u00a0\u00a0\u00a0\u00a0\u00a0 O EP <strong>&#8220;Compor e Cantar 4: Corpo e Alma&#8221;. <\/strong>Produ\u00e7\u00e3o musical de Andr\u00e9 Fernandes e alguns arranjos base de Diego Soares: Corpo e Alma; Belchior e Uma Can\u00e7\u00e3o; Costume; Inf\u00e2ncia; Jeito Torto; Feito Tatuagem e Jovem Guarda.<\/p><p>\u00a0\u00a0\u00a0\u00a0\u00a0\u00a0\u00a0\u00a0\u00a0\u00a0\u00a0 O EP <strong>&#8220;Compor e Cantar 5: Enfim 70&#8221; <\/strong>tamb\u00e9m com o produtor musical Andr\u00e9 Fernandes, traz as m\u00fasicas: Enfim 70; Na Batida do Cora\u00e7\u00e3o; Muros da Escola; Retrato de Sofia; Menino Passarinho; Lado de Dentro; Proposta de Namoro, tamb\u00e9m nas Plataformas Digitais. Enfim 70 deu origem ao show dispon\u00edvel no Youtube da artista<\/p><p>\u00a0\u00a0\u00a0\u00a0\u00a0\u00a0\u00a0\u00a0\u00a0\u00a0\u00a0 Dois outros projetos completam a maratona autoral: <strong>Cora\u00e7\u00e3o e Viol\u00e3o <\/strong>em parceria com arranjos de Caio Andreatta e <strong>C\u00e9ssy para Int\u00e9rpretes<\/strong>, em parceria com Diego Soares da dupla Diego e Danimar, ambos dispon\u00edveis no Youtube\/C\u00e9ssy Oficial.<\/p><p>\u00a0<\/p><p>Filiada: 000.047<\/p><p>\u00a0<\/p><p>\u00a0<\/p>\t\t\t\t\t\t\t\t<\/div>\n\t\t\t\t<\/div>\n\t\t<div class=\"elementor-element elementor-element-58437cb e-con-full e-flex e-con e-child\" data-id=\"58437cb\" data-element_type=\"container\">\n\t\t\t\t<div class=\"elementor-element elementor-element-642fb3e elementor-widget elementor-widget-heading\" data-id=\"642fb3e\" data-element_type=\"widget\" data-widget_type=\"heading.default\">\n\t\t\t\t<div class=\"elementor-widget-container\">\n\t\t\t\t\t<h2 class=\"elementor-heading-title elementor-size-default\"><a href=\"http:\/\/www.cessycompositora.art.br\" target=\"_blank\">cessycompositora.art.br<\/a><\/h2>\t\t\t\t<\/div>\n\t\t\t\t<\/div>\n\t\t\t\t<\/div>\n\t\t\t\t<\/div>\n\t\t<div class=\"elementor-element elementor-element-53feeff e-con-full e-flex e-con e-child\" data-id=\"53feeff\" data-element_type=\"container\">\n\t\t\t\t<div class=\"elementor-element elementor-element-4c36e32 elementor-shape-rounded elementor-grid-0 e-grid-align-center elementor-widget elementor-widget-social-icons\" data-id=\"4c36e32\" data-element_type=\"widget\" data-widget_type=\"social-icons.default\">\n\t\t\t\t<div class=\"elementor-widget-container\">\n\t\t\t\t\t\t\t<div class=\"elementor-social-icons-wrapper elementor-grid\">\n\t\t\t\t\t\t\t<span class=\"elementor-grid-item\">\n\t\t\t\t\t<a class=\"elementor-icon elementor-social-icon elementor-social-icon-instagram elementor-repeater-item-9c39d15\" href=\"https:\/\/www.instagram.com\/cessy_compositora\" target=\"_blank\">\n\t\t\t\t\t\t<span class=\"elementor-screen-only\">Instagram<\/span>\n\t\t\t\t\t\t<svg class=\"e-font-icon-svg e-fab-instagram\" viewBox=\"0 0 448 512\" xmlns=\"http:\/\/www.w3.org\/2000\/svg\"><path d=\"M224.1 141c-63.6 0-114.9 51.3-114.9 114.9s51.3 114.9 114.9 114.9S339 319.5 339 255.9 287.7 141 224.1 141zm0 189.6c-41.1 0-74.7-33.5-74.7-74.7s33.5-74.7 74.7-74.7 74.7 33.5 74.7 74.7-33.6 74.7-74.7 74.7zm146.4-194.3c0 14.9-12 26.8-26.8 26.8-14.9 0-26.8-12-26.8-26.8s12-26.8 26.8-26.8 26.8 12 26.8 26.8zm76.1 27.2c-1.7-35.9-9.9-67.7-36.2-93.9-26.2-26.2-58-34.4-93.9-36.2-37-2.1-147.9-2.1-184.9 0-35.8 1.7-67.6 9.9-93.9 36.1s-34.4 58-36.2 93.9c-2.1 37-2.1 147.9 0 184.9 1.7 35.9 9.9 67.7 36.2 93.9s58 34.4 93.9 36.2c37 2.1 147.9 2.1 184.9 0 35.9-1.7 67.7-9.9 93.9-36.2 26.2-26.2 34.4-58 36.2-93.9 2.1-37 2.1-147.8 0-184.8zM398.8 388c-7.8 19.6-22.9 34.7-42.6 42.6-29.5 11.7-99.5 9-132.1 9s-102.7 2.6-132.1-9c-19.6-7.8-34.7-22.9-42.6-42.6-11.7-29.5-9-99.5-9-132.1s-2.6-102.7 9-132.1c7.8-19.6 22.9-34.7 42.6-42.6 29.5-11.7 99.5-9 132.1-9s102.7-2.6 132.1 9c19.6 7.8 34.7 22.9 42.6 42.6 11.7 29.5 9 99.5 9 132.1s2.7 102.7-9 132.1z\"><\/path><\/svg>\t\t\t\t\t<\/a>\n\t\t\t\t<\/span>\n\t\t\t\t\t\t\t<span class=\"elementor-grid-item\">\n\t\t\t\t\t<a class=\"elementor-icon elementor-social-icon elementor-social-icon-facebook elementor-repeater-item-5b67d06\" href=\"https:\/\/www.facebook.com\/cessycompositora\" target=\"_blank\">\n\t\t\t\t\t\t<span class=\"elementor-screen-only\">Facebook<\/span>\n\t\t\t\t\t\t<svg class=\"e-font-icon-svg e-fab-facebook\" viewBox=\"0 0 512 512\" xmlns=\"http:\/\/www.w3.org\/2000\/svg\"><path d=\"M504 256C504 119 393 8 256 8S8 119 8 256c0 123.78 90.69 226.38 209.25 245V327.69h-63V256h63v-54.64c0-62.15 37-96.48 93.67-96.48 27.14 0 55.52 4.84 55.52 4.84v61h-31.28c-30.8 0-40.41 19.12-40.41 38.73V256h68.78l-11 71.69h-57.78V501C413.31 482.38 504 379.78 504 256z\"><\/path><\/svg>\t\t\t\t\t<\/a>\n\t\t\t\t<\/span>\n\t\t\t\t\t\t\t<span class=\"elementor-grid-item\">\n\t\t\t\t\t<a class=\"elementor-icon elementor-social-icon elementor-social-icon-youtube elementor-repeater-item-afb4e5a\" href=\"https:\/\/www.youtube.com\/c\/CessyOficial\" target=\"_blank\">\n\t\t\t\t\t\t<span class=\"elementor-screen-only\">Youtube<\/span>\n\t\t\t\t\t\t<svg class=\"e-font-icon-svg e-fab-youtube\" viewBox=\"0 0 576 512\" xmlns=\"http:\/\/www.w3.org\/2000\/svg\"><path d=\"M549.655 124.083c-6.281-23.65-24.787-42.276-48.284-48.597C458.781 64 288 64 288 64S117.22 64 74.629 75.486c-23.497 6.322-42.003 24.947-48.284 48.597-11.412 42.867-11.412 132.305-11.412 132.305s0 89.438 11.412 132.305c6.281 23.65 24.787 41.5 48.284 47.821C117.22 448 288 448 288 448s170.78 0 213.371-11.486c23.497-6.321 42.003-24.171 48.284-47.821 11.412-42.867 11.412-132.305 11.412-132.305s0-89.438-11.412-132.305zm-317.51 213.508V175.185l142.739 81.205-142.739 81.201z\"><\/path><\/svg>\t\t\t\t\t<\/a>\n\t\t\t\t<\/span>\n\t\t\t\t\t\t\t<span class=\"elementor-grid-item\">\n\t\t\t\t\t<a class=\"elementor-icon elementor-social-icon elementor-social-icon-spotify elementor-repeater-item-07beda9\" href=\"https:\/\/open.spotify.com\/intl-pt\/artist\/1gE0xthuAXU4uPD0ByFXW0\" target=\"_blank\">\n\t\t\t\t\t\t<span class=\"elementor-screen-only\">Spotify<\/span>\n\t\t\t\t\t\t<svg class=\"e-font-icon-svg e-fab-spotify\" viewBox=\"0 0 496 512\" xmlns=\"http:\/\/www.w3.org\/2000\/svg\"><path d=\"M248 8C111.1 8 0 119.1 0 256s111.1 248 248 248 248-111.1 248-248S384.9 8 248 8zm100.7 364.9c-4.2 0-6.8-1.3-10.7-3.6-62.4-37.6-135-39.2-206.7-24.5-3.9 1-9 2.6-11.9 2.6-9.7 0-15.8-7.7-15.8-15.8 0-10.3 6.1-15.2 13.6-16.8 81.9-18.1 165.6-16.5 237 26.2 6.1 3.9 9.7 7.4 9.7 16.5s-7.1 15.4-15.2 15.4zm26.9-65.6c-5.2 0-8.7-2.3-12.3-4.2-62.5-37-155.7-51.9-238.6-29.4-4.8 1.3-7.4 2.6-11.9 2.6-10.7 0-19.4-8.7-19.4-19.4s5.2-17.8 15.5-20.7c27.8-7.8 56.2-13.6 97.8-13.6 64.9 0 127.6 16.1 177 45.5 8.1 4.8 11.3 11 11.3 19.7-.1 10.8-8.5 19.5-19.4 19.5zm31-76.2c-5.2 0-8.4-1.3-12.9-3.9-71.2-42.5-198.5-52.7-280.9-29.7-3.6 1-8.1 2.6-12.9 2.6-13.2 0-23.3-10.3-23.3-23.6 0-13.6 8.4-21.3 17.4-23.9 35.2-10.3 74.6-15.2 117.5-15.2 73 0 149.5 15.2 205.4 47.8 7.8 4.5 12.9 10.7 12.9 22.6 0 13.6-11 23.3-23.2 23.3z\"><\/path><\/svg>\t\t\t\t\t<\/a>\n\t\t\t\t<\/span>\n\t\t\t\t\t<\/div>\n\t\t\t\t\t\t<\/div>\n\t\t\t\t<\/div>\n\t\t\t\t<\/div>\n\t\t\t\t<\/div>\n\t\t\t\t\t<\/div>\n\t\t\t\t<\/div>\n\t\t\t\t<\/div>\n\t\t","protected":false},"excerpt":{"rendered":"<p>C\u00c9SSY &#8211; Compositora e cantora Nascida na cidade de Bauru, interior de S\u00e3o Paulo, Marilda Gifalli, nome art\u00edstico C\u00e9ssy, iniciou sua carreira participando de festivais estudantis, trabalhou na TV Bandeirantes, final da d\u00e9cada de 1960, no programa chamado Festa da Juventude. Gravou seu primeiro disco em 1990, nesta \u00e9poca participou em v\u00e1rias entrevistas de r\u00e1dios [&hellip;]<\/p>\n","protected":false},"author":1,"featured_media":0,"parent":0,"menu_order":0,"comment_status":"closed","ping_status":"closed","template":"","meta":{"footnotes":""},"class_list":["post-208","page","type-page","status-publish","hentry"],"_links":{"self":[{"href":"https:\/\/cooperarteesom.com.br\/index.php\/wp-json\/wp\/v2\/pages\/208","targetHints":{"allow":["GET"]}}],"collection":[{"href":"https:\/\/cooperarteesom.com.br\/index.php\/wp-json\/wp\/v2\/pages"}],"about":[{"href":"https:\/\/cooperarteesom.com.br\/index.php\/wp-json\/wp\/v2\/types\/page"}],"author":[{"embeddable":true,"href":"https:\/\/cooperarteesom.com.br\/index.php\/wp-json\/wp\/v2\/users\/1"}],"replies":[{"embeddable":true,"href":"https:\/\/cooperarteesom.com.br\/index.php\/wp-json\/wp\/v2\/comments?post=208"}],"version-history":[{"count":34,"href":"https:\/\/cooperarteesom.com.br\/index.php\/wp-json\/wp\/v2\/pages\/208\/revisions"}],"predecessor-version":[{"id":317,"href":"https:\/\/cooperarteesom.com.br\/index.php\/wp-json\/wp\/v2\/pages\/208\/revisions\/317"}],"wp:attachment":[{"href":"https:\/\/cooperarteesom.com.br\/index.php\/wp-json\/wp\/v2\/media?parent=208"}],"curies":[{"name":"wp","href":"https:\/\/api.w.org\/{rel}","templated":true}]}}