{"id":546,"date":"2024-08-25T22:55:04","date_gmt":"2024-08-25T22:55:04","guid":{"rendered":"https:\/\/photostudio.com.br\/novo-cooperarteesom\/?page_id=546"},"modified":"2024-11-14T15:21:40","modified_gmt":"2024-11-14T15:21:40","slug":"eliane-camargo","status":"publish","type":"page","link":"https:\/\/cooperarteesom.com.br\/index.php\/eliane-camargo\/","title":{"rendered":"ELIANE CAMARGO"},"content":{"rendered":"\t\t<div data-elementor-type=\"wp-page\" data-elementor-id=\"546\" class=\"elementor elementor-546\" data-elementor-post-type=\"page\">\n\t\t\t\t<div class=\"elementor-element elementor-element-ad4b9c8 e-flex e-con-boxed e-con e-parent\" data-id=\"ad4b9c8\" data-element_type=\"container\">\n\t\t\t\t\t<div class=\"e-con-inner\">\n\t\t<div class=\"elementor-element elementor-element-2e49f87 e-con-full e-flex e-con e-child\" data-id=\"2e49f87\" data-element_type=\"container\">\n\t\t\t\t<div class=\"elementor-element elementor-element-34e099c elementor-widget elementor-widget-image\" data-id=\"34e099c\" data-element_type=\"widget\" data-widget_type=\"image.default\">\n\t\t\t\t<div class=\"elementor-widget-container\">\n\t\t\t\t\t\t\t\t\t\t\t\t\t\t\t<img fetchpriority=\"high\" decoding=\"async\" width=\"800\" height=\"800\" src=\"https:\/\/cooperarteesom.com.br\/wp-content\/uploads\/2024\/08\/ElianeCamargo_001a-1024x1024.jpg\" class=\"attachment-large size-large wp-image-550\" alt=\"\" srcset=\"https:\/\/cooperarteesom.com.br\/wp-content\/uploads\/2024\/08\/ElianeCamargo_001a-1024x1024.jpg 1024w, https:\/\/cooperarteesom.com.br\/wp-content\/uploads\/2024\/08\/ElianeCamargo_001a-300x300.jpg 300w, https:\/\/cooperarteesom.com.br\/wp-content\/uploads\/2024\/08\/ElianeCamargo_001a-150x150.jpg 150w, https:\/\/cooperarteesom.com.br\/wp-content\/uploads\/2024\/08\/ElianeCamargo_001a-768x768.jpg 768w, https:\/\/cooperarteesom.com.br\/wp-content\/uploads\/2024\/08\/ElianeCamargo_001a.jpg 1080w\" sizes=\"(max-width: 800px) 100vw, 800px\" \/>\t\t\t\t\t\t\t\t\t\t\t\t\t\t\t<\/div>\n\t\t\t\t<\/div>\n\t\t\t\t<div class=\"elementor-element elementor-element-2e2e5ba elementor-widget elementor-widget-heading\" data-id=\"2e2e5ba\" data-element_type=\"widget\" data-widget_type=\"heading.default\">\n\t\t\t\t<div class=\"elementor-widget-container\">\n\t\t\t\t\t<h2 class=\"elementor-heading-title elementor-size-default\">ELIANE CAMARGO<\/h2>\t\t\t\t<\/div>\n\t\t\t\t<\/div>\n\t\t\t\t<div class=\"elementor-element elementor-element-6c55267 elementor-widget elementor-widget-heading\" data-id=\"6c55267\" data-element_type=\"widget\" data-widget_type=\"heading.default\">\n\t\t\t\t<div class=\"elementor-widget-container\">\n\t\t\t\t\t<h4 class=\"elementor-heading-title elementor-size-default\">cantora e apresentadora<\/h4>\t\t\t\t<\/div>\n\t\t\t\t<\/div>\n\t\t\t\t<div class=\"elementor-element elementor-element-96d183f elementor-shape-rounded elementor-grid-0 e-grid-align-center elementor-widget elementor-widget-social-icons\" data-id=\"96d183f\" data-element_type=\"widget\" data-widget_type=\"social-icons.default\">\n\t\t\t\t<div class=\"elementor-widget-container\">\n\t\t\t\t\t\t\t<div class=\"elementor-social-icons-wrapper elementor-grid\">\n\t\t\t\t\t\t\t<span class=\"elementor-grid-item\">\n\t\t\t\t\t<a class=\"elementor-icon elementor-social-icon elementor-social-icon-whatsapp elementor-repeater-item-e80d2b6\" href=\"https:\/\/api.whatsapp.com\/send?phone=5511999627549\" target=\"_blank\">\n\t\t\t\t\t\t<span class=\"elementor-screen-only\">Whatsapp<\/span>\n\t\t\t\t\t\t<svg class=\"e-font-icon-svg e-fab-whatsapp\" viewBox=\"0 0 448 512\" xmlns=\"http:\/\/www.w3.org\/2000\/svg\"><path d=\"M380.9 97.1C339 55.1 283.2 32 223.9 32c-122.4 0-222 99.6-222 222 0 39.1 10.2 77.3 29.6 111L0 480l117.7-30.9c32.4 17.7 68.9 27 106.1 27h.1c122.3 0 224.1-99.6 224.1-222 0-59.3-25.2-115-67.1-157zm-157 341.6c-33.2 0-65.7-8.9-94-25.7l-6.7-4-69.8 18.3L72 359.2l-4.4-7c-18.5-29.4-28.2-63.3-28.2-98.2 0-101.7 82.8-184.5 184.6-184.5 49.3 0 95.6 19.2 130.4 54.1 34.8 34.9 56.2 81.2 56.1 130.5 0 101.8-84.9 184.6-186.6 184.6zm101.2-138.2c-5.5-2.8-32.8-16.2-37.9-18-5.1-1.9-8.8-2.8-12.5 2.8-3.7 5.6-14.3 18-17.6 21.8-3.2 3.7-6.5 4.2-12 1.4-32.6-16.3-54-29.1-75.5-66-5.7-9.8 5.7-9.1 16.3-30.3 1.8-3.7.9-6.9-.5-9.7-1.4-2.8-12.5-30.1-17.1-41.2-4.5-10.8-9.1-9.3-12.5-9.5-3.2-.2-6.9-.2-10.6-.2-3.7 0-9.7 1.4-14.8 6.9-5.1 5.6-19.4 19-19.4 46.3 0 27.3 19.9 53.7 22.6 57.4 2.8 3.7 39.1 59.7 94.8 83.8 35.2 15.2 49 16.5 66.6 13.9 10.7-1.6 32.8-13.4 37.4-26.4 4.6-13 4.6-24.1 3.2-26.4-1.3-2.5-5-3.9-10.5-6.6z\"><\/path><\/svg>\t\t\t\t\t<\/a>\n\t\t\t\t<\/span>\n\t\t\t\t\t\t\t<span class=\"elementor-grid-item\">\n\t\t\t\t\t<a class=\"elementor-icon elementor-social-icon elementor-social-icon-instagram elementor-repeater-item-088679f\" href=\"https:\/\/www.instagram.com\/elianecamargoshow\" target=\"_blank\">\n\t\t\t\t\t\t<span class=\"elementor-screen-only\">Instagram<\/span>\n\t\t\t\t\t\t<svg class=\"e-font-icon-svg e-fab-instagram\" viewBox=\"0 0 448 512\" xmlns=\"http:\/\/www.w3.org\/2000\/svg\"><path d=\"M224.1 141c-63.6 0-114.9 51.3-114.9 114.9s51.3 114.9 114.9 114.9S339 319.5 339 255.9 287.7 141 224.1 141zm0 189.6c-41.1 0-74.7-33.5-74.7-74.7s33.5-74.7 74.7-74.7 74.7 33.5 74.7 74.7-33.6 74.7-74.7 74.7zm146.4-194.3c0 14.9-12 26.8-26.8 26.8-14.9 0-26.8-12-26.8-26.8s12-26.8 26.8-26.8 26.8 12 26.8 26.8zm76.1 27.2c-1.7-35.9-9.9-67.7-36.2-93.9-26.2-26.2-58-34.4-93.9-36.2-37-2.1-147.9-2.1-184.9 0-35.8 1.7-67.6 9.9-93.9 36.1s-34.4 58-36.2 93.9c-2.1 37-2.1 147.9 0 184.9 1.7 35.9 9.9 67.7 36.2 93.9s58 34.4 93.9 36.2c37 2.1 147.9 2.1 184.9 0 35.9-1.7 67.7-9.9 93.9-36.2 26.2-26.2 34.4-58 36.2-93.9 2.1-37 2.1-147.8 0-184.8zM398.8 388c-7.8 19.6-22.9 34.7-42.6 42.6-29.5 11.7-99.5 9-132.1 9s-102.7 2.6-132.1-9c-19.6-7.8-34.7-22.9-42.6-42.6-11.7-29.5-9-99.5-9-132.1s-2.6-102.7 9-132.1c7.8-19.6 22.9-34.7 42.6-42.6 29.5-11.7 99.5-9 132.1-9s102.7-2.6 132.1 9c19.6 7.8 34.7 22.9 42.6 42.6 11.7 29.5 9 99.5 9 132.1s2.7 102.7-9 132.1z\"><\/path><\/svg>\t\t\t\t\t<\/a>\n\t\t\t\t<\/span>\n\t\t\t\t\t\t\t<span class=\"elementor-grid-item\">\n\t\t\t\t\t<a class=\"elementor-icon elementor-social-icon elementor-social-icon-facebook elementor-repeater-item-5c90754\" href=\"http:\/\/facebook.com\/@CantoraElianeCamargo\" target=\"_blank\">\n\t\t\t\t\t\t<span class=\"elementor-screen-only\">Facebook<\/span>\n\t\t\t\t\t\t<svg class=\"e-font-icon-svg e-fab-facebook\" viewBox=\"0 0 512 512\" xmlns=\"http:\/\/www.w3.org\/2000\/svg\"><path d=\"M504 256C504 119 393 8 256 8S8 119 8 256c0 123.78 90.69 226.38 209.25 245V327.69h-63V256h63v-54.64c0-62.15 37-96.48 93.67-96.48 27.14 0 55.52 4.84 55.52 4.84v61h-31.28c-30.8 0-40.41 19.12-40.41 38.73V256h68.78l-11 71.69h-57.78V501C413.31 482.38 504 379.78 504 256z\"><\/path><\/svg>\t\t\t\t\t<\/a>\n\t\t\t\t<\/span>\n\t\t\t\t\t\t\t<span class=\"elementor-grid-item\">\n\t\t\t\t\t<a class=\"elementor-icon elementor-social-icon elementor-social-icon-youtube elementor-repeater-item-ec71336\" href=\"http:\/\/youtube.com\/tvelianecamargo\" target=\"_blank\">\n\t\t\t\t\t\t<span class=\"elementor-screen-only\">Youtube<\/span>\n\t\t\t\t\t\t<svg class=\"e-font-icon-svg e-fab-youtube\" viewBox=\"0 0 576 512\" xmlns=\"http:\/\/www.w3.org\/2000\/svg\"><path d=\"M549.655 124.083c-6.281-23.65-24.787-42.276-48.284-48.597C458.781 64 288 64 288 64S117.22 64 74.629 75.486c-23.497 6.322-42.003 24.947-48.284 48.597-11.412 42.867-11.412 132.305-11.412 132.305s0 89.438 11.412 132.305c6.281 23.65 24.787 41.5 48.284 47.821C117.22 448 288 448 288 448s170.78 0 213.371-11.486c23.497-6.321 42.003-24.171 48.284-47.821 11.412-42.867 11.412-132.305 11.412-132.305s0-89.438-11.412-132.305zm-317.51 213.508V175.185l142.739 81.205-142.739 81.201z\"><\/path><\/svg>\t\t\t\t\t<\/a>\n\t\t\t\t<\/span>\n\t\t\t\t\t<\/div>\n\t\t\t\t\t\t<\/div>\n\t\t\t\t<\/div>\n\t\t\t\t<\/div>\n\t\t<div class=\"elementor-element elementor-element-0147a50 e-con-full e-flex e-con e-child\" data-id=\"0147a50\" data-element_type=\"container\">\n\t\t\t\t<div class=\"elementor-element elementor-element-b139ac9 elementor-widget elementor-widget-text-editor\" data-id=\"b139ac9\" data-element_type=\"widget\" data-widget_type=\"text-editor.default\">\n\t\t\t\t<div class=\"elementor-widget-container\">\n\t\t\t\t\t\t\t\t\t<p>A cantora<strong><em> Eliane Camargo<\/em><\/strong> soma mais de 30 anos de carreira e \u00e9 conhecida nacionalmente, ela sempre esteve engajada politicamente, adolescente participou da funda\u00e7\u00e3o da ALGA <em>(Associa\u00e7\u00e3o Londrinense de Gin\u00e1stica Art\u00edstica)<\/em>, esporte que praticou e encerrou sendo Campe\u00e3o dos Jogos Abertos do Paran\u00e1.<\/p><p>Entrou na escola aos 06 anos se formou na faculdade de Educa\u00e7\u00e3o F\u00edsica com 19 anos, estudou e s\u00f3 n\u00e3o finalizou o curso de Direito porque aos 20 anos ap\u00f3s concluir Especializa\u00e7\u00e3o em Metodologia do Ensino Superior, foi contratada pra ser Professora na UEL <em>(Universidade Estadual de Londrina).<\/em><\/p><p>Ap\u00f3s conhecer o empres\u00e1rio <strong><em>Renato Silveira Lima<\/em><\/strong>, optou por sua voca\u00e7\u00e3o musical, juntos idealizaram v\u00e1rios projetos dentre eles o \u201cFestival Nacional da M\u00fasica Sertaneja\u201d e o <strong>\u201cPrograma de TV<\/strong> <strong>Eliane Camargo\u201d<\/strong> veiculado por mais de 26 anos em <strong>Rede Nacional<\/strong> pelo Canal do Boi, para mais de 30 milh\u00f5es de Antenas Parab\u00f3licas <a href=\"http:\/\/www.programaelianecamargo.com.br\/\">www.programaelianecamargo.com.br<\/a>. Em formato de podcast lan\u00e7aram o \u201cDedinho de Prosa com Eliane Camargo\u201d transmitido no <a href=\"http:\/\/www.youtube.com\/tvelianecamargo\">www.youtube.com\/tvelianecamargo<\/a> que tem mais de 251 mil inscritos e tem mais de 75 milh\u00f5es de visualiza\u00e7\u00f5es, ou seja, mais de 70 mil pessoas por dia acessam.<\/p><p><strong><em>\u00a0<\/em><\/strong><strong><em>Eliane Camargo<\/em><\/strong> fundou e fez parte da 1\u00aa Diretoria da APROSAN <em>(Associa\u00e7\u00e3o de Propriet\u00e1rios e Moradores do Loteamento Thermas de Santa B\u00e1rbara)<\/em>, na cidade de \u00c1guas de Santa B\u00e1rbara SP, onde tem casa h\u00e1 29 anos; e em S\u00e3o Paulo Capital fundou e foi eleita por unanimidade no 1\u00ba mandato de <strong>Presidente<\/strong> da <strong>CooperArte&amp;Som<\/strong>: Cooperativa Cooperativa Brasileira de M\u00fasicos, Compositores, Produtores, Maestros, Atores, Bailarinos, humoristas, ou seja, Profissionais ligados \u00e0 M\u00fasica \u00a0<a href=\"http:\/\/www.cooperarteesom.com.br\">www.cooperarteesom.com.br<\/a>.<\/p><p>Enfim os resultados dos seus projetos t\u00eam sido muito satisfat\u00f3rios e o Brasil esta conferindo o talento e o potencial art\u00edstico de <strong><em>Eliane Camargo<\/em><\/strong> que \u00e9 um \u00edcone da cultura musical do nosso pa\u00eds, pois seus projetos divulgam e valorizam a m\u00fasica e a cultura brasileira.<\/p><p>Por ter sido atleta,<strong><em> Eliane Camargo<\/em><\/strong> conhece e acredita no poder transformador do Esporte, \u00e9 uma empreendedora apaixonada por M\u00fasica e Eventos, reconhece o potencial Tur\u00edstico do Estado de S\u00e3o Paulo e est\u00e1 preparada para represent\u00e1-lo.<\/p>\t\t\t\t\t\t\t\t<\/div>\n\t\t\t\t<\/div>\n\t\t\t\t<\/div>\n\t\t\t\t\t<\/div>\n\t\t\t\t<\/div>\n\t\t\t\t<\/div>\n\t\t","protected":false},"excerpt":{"rendered":"<p>ELIANE CAMARGO cantora e apresentadora Whatsapp Instagram Facebook Youtube A cantora Eliane Camargo soma mais de 30 anos de carreira e \u00e9 conhecida nacionalmente, ela sempre esteve engajada politicamente, adolescente participou da funda\u00e7\u00e3o da ALGA (Associa\u00e7\u00e3o Londrinense de Gin\u00e1stica Art\u00edstica), esporte que praticou e encerrou sendo Campe\u00e3o dos Jogos Abertos do Paran\u00e1. Entrou na escola [&hellip;]<\/p>\n","protected":false},"author":1,"featured_media":0,"parent":0,"menu_order":0,"comment_status":"closed","ping_status":"closed","template":"","meta":{"footnotes":""},"class_list":["post-546","page","type-page","status-publish","hentry"],"_links":{"self":[{"href":"https:\/\/cooperarteesom.com.br\/index.php\/wp-json\/wp\/v2\/pages\/546","targetHints":{"allow":["GET"]}}],"collection":[{"href":"https:\/\/cooperarteesom.com.br\/index.php\/wp-json\/wp\/v2\/pages"}],"about":[{"href":"https:\/\/cooperarteesom.com.br\/index.php\/wp-json\/wp\/v2\/types\/page"}],"author":[{"embeddable":true,"href":"https:\/\/cooperarteesom.com.br\/index.php\/wp-json\/wp\/v2\/users\/1"}],"replies":[{"embeddable":true,"href":"https:\/\/cooperarteesom.com.br\/index.php\/wp-json\/wp\/v2\/comments?post=546"}],"version-history":[{"count":22,"href":"https:\/\/cooperarteesom.com.br\/index.php\/wp-json\/wp\/v2\/pages\/546\/revisions"}],"predecessor-version":[{"id":1241,"href":"https:\/\/cooperarteesom.com.br\/index.php\/wp-json\/wp\/v2\/pages\/546\/revisions\/1241"}],"wp:attachment":[{"href":"https:\/\/cooperarteesom.com.br\/index.php\/wp-json\/wp\/v2\/media?parent=546"}],"curies":[{"name":"wp","href":"https:\/\/api.w.org\/{rel}","templated":true}]}}