{"id":59,"date":"2024-07-21T21:46:27","date_gmt":"2024-07-21T21:46:27","guid":{"rendered":"https:\/\/photostudio.com.br\/novo-cooperarteesom\/?page_id=59"},"modified":"2026-04-08T16:17:17","modified_gmt":"2026-04-08T16:17:17","slug":"home","status":"publish","type":"page","link":"https:\/\/cooperarteesom.com.br\/","title":{"rendered":"HOME"},"content":{"rendered":"\t\t<div data-elementor-type=\"wp-page\" data-elementor-id=\"59\" class=\"elementor elementor-59\" data-elementor-post-type=\"page\">\n\t\t\t\t<div class=\"elementor-element elementor-element-fdcf628 e-flex e-con-boxed e-con e-parent\" data-id=\"fdcf628\" data-element_type=\"container\">\n\t\t\t\t\t<div class=\"e-con-inner\">\n\t\t\t\t\t<\/div>\n\t\t\t\t<\/div>\n\t\t<div class=\"elementor-element elementor-element-c47d6dc e-flex e-con-boxed e-con e-parent\" data-id=\"c47d6dc\" data-element_type=\"container\">\n\t\t\t\t\t<div class=\"e-con-inner\">\n\t\t\t\t<div class=\"elementor-element elementor-element-054b049 elementor-widget elementor-widget-text-editor\" data-id=\"054b049\" data-element_type=\"widget\" data-widget_type=\"text-editor.default\">\n\t\t\t\t<div class=\"elementor-widget-container\">\n\t\t\t\t\t\t\t\t\t<p>Nossos Valores<\/p><ul><li>Contribuir com as atividades art\u00edsticas existentes para que atinjam seus objetivos e incrementar novas iniciativas culturais;<\/li><li>Acreditamos que as experi\u00eancias, adquiridas pelos integrantes da nossa cooperativa, podem inspirar novos artistas e impactar positivamente a nossa sociedade;<\/li><li>Acreditamos que podemos despertar talentos que venham inspirar movimentos culturais inovadores, sem perder de vista o legado das pessoas que fizeram hist\u00f3ria;<\/li><li>Acreditamos que a coopera\u00e7\u00e3o, entre artistas e as categorias envolvidas no mundo das artes, \u00e9 um dos caminhos para os desafios colocados pelo presente e pelo futuro.<\/li><\/ul>\t\t\t\t\t\t\t\t<\/div>\n\t\t\t\t<\/div>\n\t\t\t\t\t<\/div>\n\t\t\t\t<\/div>\n\t\t\t\t<\/div>\n\t\t","protected":false},"excerpt":{"rendered":"<p>Nossos Valores Contribuir com as atividades art\u00edsticas existentes para que atinjam seus objetivos e incrementar novas iniciativas culturais; Acreditamos que as experi\u00eancias, adquiridas pelos integrantes da nossa cooperativa, podem inspirar novos artistas e impactar positivamente a nossa sociedade; Acreditamos que podemos despertar talentos que venham inspirar movimentos culturais inovadores, sem perder de vista o legado [&hellip;]<\/p>\n","protected":false},"author":1,"featured_media":0,"parent":0,"menu_order":0,"comment_status":"closed","ping_status":"closed","template":"","meta":{"footnotes":""},"class_list":["post-59","page","type-page","status-publish","hentry"],"_links":{"self":[{"href":"https:\/\/cooperarteesom.com.br\/index.php\/wp-json\/wp\/v2\/pages\/59","targetHints":{"allow":["GET"]}}],"collection":[{"href":"https:\/\/cooperarteesom.com.br\/index.php\/wp-json\/wp\/v2\/pages"}],"about":[{"href":"https:\/\/cooperarteesom.com.br\/index.php\/wp-json\/wp\/v2\/types\/page"}],"author":[{"embeddable":true,"href":"https:\/\/cooperarteesom.com.br\/index.php\/wp-json\/wp\/v2\/users\/1"}],"replies":[{"embeddable":true,"href":"https:\/\/cooperarteesom.com.br\/index.php\/wp-json\/wp\/v2\/comments?post=59"}],"version-history":[{"count":145,"href":"https:\/\/cooperarteesom.com.br\/index.php\/wp-json\/wp\/v2\/pages\/59\/revisions"}],"predecessor-version":[{"id":2401,"href":"https:\/\/cooperarteesom.com.br\/index.php\/wp-json\/wp\/v2\/pages\/59\/revisions\/2401"}],"wp:attachment":[{"href":"https:\/\/cooperarteesom.com.br\/index.php\/wp-json\/wp\/v2\/media?parent=59"}],"curies":[{"name":"wp","href":"https:\/\/api.w.org\/{rel}","templated":true}]}}